{"id":192,"date":"2020-11-04T04:32:31","date_gmt":"2020-11-04T02:32:31","guid":{"rendered":"http:\/\/www.santamasarestaurant.com\/comandes_sarria\/?page_id=192"},"modified":"2020-11-04T04:32:32","modified_gmt":"2020-11-04T02:32:32","slug":"coques-2","status":"publish","type":"page","link":"http:\/\/www.santamasarestaurant.com\/comandes_sarria\/coques-2\/","title":{"rendered":"Coques"},"content":{"rendered":"<table id=\"wcpt_86715d2f2c3ad2b7_1\" class=\"wc-product-table woocommerce\" width=\"100%\" data-config=\"{&quot;pageLength&quot;:45,&quot;pagingType&quot;:&quot;simple_numbers&quot;,&quot;serverSide&quot;:false,&quot;autoWidth&quot;:true,&quot;clickFilter&quot;:true,&quot;scrollOffset&quot;:15,&quot;resetButton&quot;:false,&quot;multiAddToCart&quot;:false,&quot;multiCartLocation&quot;:&quot;top&quot;,&quot;variations&quot;:&quot;dropdown&quot;,&quot;ajaxCart&quot;:true,&quot;lengthMenu&quot;:[[10,25,45,50,100,-1],[10,25,45,50,100,&quot;All&quot;]],&quot;columnDefs&quot;:[{&quot;className&quot;:&quot;col-image&quot;,&quot;targets&quot;:0},{&quot;className&quot;:&quot;col-name&quot;,&quot;targets&quot;:1},{&quot;className&quot;:&quot;col-short-description&quot;,&quot;targets&quot;:2},{&quot;className&quot;:&quot;col-price&quot;,&quot;targets&quot;:3},{&quot;className&quot;:&quot;col-add-to-cart&quot;,&quot;targets&quot;:4}],&quot;search&quot;:{&quot;search&quot;:&quot;&quot;},&quot;dom&quot;:&quot;&lt;\\&quot;wc-product-table-wrapper divi\\&quot;&lt;\\&quot;wc-product-table-above wc-product-table-controls\\&quot;&gt;t&lt;\\&quot;wc-product-table-below wc-product-table-controls\\&quot;p&gt;&gt;&quot;}\" data-filters=\"false\" data-order=\"[]\"><thead><tr><th class=\"col-image all\" data-name=\"image\" data-orderable=\"false\" data-searchable=\"false\" data-width=\"70px\" data-priority=\"4\">Imatge<\/th><th class=\"col-name\" data-name=\"name\" data-orderable=\"true\" data-searchable=\"true\" data-priority=\"1\">Nom<\/th><th class=\"col-short-description\" data-name=\"short-description\" data-orderable=\"true\" data-searchable=\"true\" data-priority=\"11\">Descripci\u00f3<\/th><th class=\"col-price\" data-name=\"price\" data-orderable=\"true\" data-searchable=\"true\" data-priority=\"3\">Preu<\/th><th class=\"col-add-to-cart\" data-name=\"add-to-cart\" data-orderable=\"false\" data-searchable=\"true\" data-priority=\"2\">Comprar<\/th><\/tr><\/thead><tbody><tr id=\"product-row-47\" class=\"product-row product-47 instock taxable shipping-taxable purchasable product-type-simple\"><td><div data-thumb=\"http:\/\/www.santamasarestaurant.com\/comandes_sarria\/wp-content\/uploads\/2020\/11\/Logo_Santamasa_rodo-100x100.png\" class=\"product-thumbnail-wrapper\"><a href=\"http:\/\/www.santamasarestaurant.com\/comandes_sarria\/producte\/coca-de-pernil-dolc\/\" class=\"single-product-link\" data-product_id=\"47\"><img width=\"70\" height=\"70\" src=\"http:\/\/www.santamasarestaurant.com\/comandes_sarria\/wp-content\/uploads\/2020\/11\/Logo_Santamasa_rodo-100x100.png\" class=\"product-thumbnail product-table-image\" alt=\"COCA DE PERNIL DOL\u00c7\" loading=\"lazy\" title=\"Logo_Santamasa_rodo\" data-caption=\"COCA DE PERNIL DOL\u00c7\" data-src=\"http:\/\/www.santamasarestaurant.com\/comandes_sarria\/wp-content\/uploads\/2020\/11\/Logo_Santamasa_rodo.png\" data-large_image=\"http:\/\/www.santamasarestaurant.com\/comandes_sarria\/wp-content\/uploads\/2020\/11\/Logo_Santamasa_rodo.png\" data-large_image_width=\"600\" data-large_image_height=\"600\" \/><\/a><\/div><\/td><td><a href=\"http:\/\/www.santamasarestaurant.com\/comandes_sarria\/producte\/coca-de-pernil-dolc\/\" class=\"single-product-link\" data-product_id=\"47\">COCA DE PERNIL DOL\u00c7<\/a><\/td><td><\/td><td data-sort=\"7.20\"><span class=\"woocommerce-Price-amount amount\"><bdi><span class=\"woocommerce-Price-currencySymbol\">&euro;<\/span>7,20<\/bdi><\/span> <small class=\"woocommerce-price-suffix\">IVA incl\u00f3s<\/small><\/td><td>        <div class=\"add-to-cart-wrapper\">\n                                <\/div>\n\n        <\/td><\/tr><tr id=\"product-row-434\" class=\"product-row product-434 instock taxable shipping-taxable purchasable product-type-simple\"><td><div data-thumb=\"http:\/\/www.santamasarestaurant.com\/comandes_sarria\/wp-content\/uploads\/2020\/11\/Logo_Santamasa_rodo-100x100.png\" class=\"product-thumbnail-wrapper\"><a href=\"http:\/\/www.santamasarestaurant.com\/comandes_sarria\/producte\/coca-de-lacon\/\" class=\"single-product-link\" data-product_id=\"434\"><img width=\"70\" height=\"70\" src=\"http:\/\/www.santamasarestaurant.com\/comandes_sarria\/wp-content\/uploads\/2020\/11\/Logo_Santamasa_rodo-100x100.png\" class=\"product-thumbnail product-table-image\" alt=\"COCA DE LAC\u00d3N\" loading=\"lazy\" title=\"Logo_Santamasa_rodo\" data-caption=\"COCA DE LAC\u00d3N\" data-src=\"http:\/\/www.santamasarestaurant.com\/comandes_sarria\/wp-content\/uploads\/2020\/11\/Logo_Santamasa_rodo.png\" data-large_image=\"http:\/\/www.santamasarestaurant.com\/comandes_sarria\/wp-content\/uploads\/2020\/11\/Logo_Santamasa_rodo.png\" data-large_image_width=\"600\" data-large_image_height=\"600\" \/><\/a><\/div><\/td><td><a href=\"http:\/\/www.santamasarestaurant.com\/comandes_sarria\/producte\/coca-de-lacon\/\" class=\"single-product-link\" data-product_id=\"434\">COCA DE LAC\u00d3N<\/a><\/td><td><\/td><td data-sort=\"7.60\"><span class=\"woocommerce-Price-amount amount\"><bdi><span class=\"woocommerce-Price-currencySymbol\">&euro;<\/span>7,60<\/bdi><\/span> <small class=\"woocommerce-price-suffix\">IVA incl\u00f3s<\/small><\/td><td>        <div class=\"add-to-cart-wrapper\">\n                                <\/div>\n\n        <\/td><\/tr><tr id=\"product-row-45\" class=\"product-row product-45 instock taxable shipping-taxable purchasable product-type-simple\"><td><div data-thumb=\"http:\/\/www.santamasarestaurant.com\/comandes_sarria\/wp-content\/uploads\/2020\/11\/Logo_Santamasa_rodo-100x100.png\" class=\"product-thumbnail-wrapper\"><a href=\"http:\/\/www.santamasarestaurant.com\/comandes_sarria\/producte\/coca-de-pernil-iberic\/\" class=\"single-product-link\" data-product_id=\"45\"><img width=\"70\" height=\"70\" src=\"http:\/\/www.santamasarestaurant.com\/comandes_sarria\/wp-content\/uploads\/2020\/11\/Logo_Santamasa_rodo-100x100.png\" class=\"product-thumbnail product-table-image\" alt=\"COCA DE PERNIL IB\u00c8RIC\" loading=\"lazy\" title=\"Logo_Santamasa_rodo\" data-caption=\"COCA DE PERNIL IB\u00c8RIC\" data-src=\"http:\/\/www.santamasarestaurant.com\/comandes_sarria\/wp-content\/uploads\/2020\/11\/Logo_Santamasa_rodo.png\" data-large_image=\"http:\/\/www.santamasarestaurant.com\/comandes_sarria\/wp-content\/uploads\/2020\/11\/Logo_Santamasa_rodo.png\" data-large_image_width=\"600\" data-large_image_height=\"600\" \/><\/a><\/div><\/td><td><a href=\"http:\/\/www.santamasarestaurant.com\/comandes_sarria\/producte\/coca-de-pernil-iberic\/\" class=\"single-product-link\" data-product_id=\"45\">COCA DE PERNIL IB\u00c8RIC<\/a><\/td><td><\/td><td data-sort=\"8.90\"><span class=\"woocommerce-Price-amount amount\"><bdi><span class=\"woocommerce-Price-currencySymbol\">&euro;<\/span>8,90<\/bdi><\/span> <small class=\"woocommerce-price-suffix\">IVA incl\u00f3s<\/small><\/td><td>        <div class=\"add-to-cart-wrapper\">\n                                <\/div>\n\n        <\/td><\/tr><tr id=\"product-row-46\" class=\"product-row product-46 instock taxable shipping-taxable purchasable product-type-simple\"><td><div data-thumb=\"http:\/\/www.santamasarestaurant.com\/comandes_sarria\/wp-content\/uploads\/2020\/11\/Logo_Santamasa_rodo-100x100.png\" class=\"product-thumbnail-wrapper\"><a href=\"http:\/\/www.santamasarestaurant.com\/comandes_sarria\/producte\/coca-de-pernil-iberic-i-brie\/\" class=\"single-product-link\" data-product_id=\"46\"><img width=\"70\" height=\"70\" src=\"http:\/\/www.santamasarestaurant.com\/comandes_sarria\/wp-content\/uploads\/2020\/11\/Logo_Santamasa_rodo-100x100.png\" class=\"product-thumbnail product-table-image\" alt=\"COCA DE PERNIL IB\u00c8RIC I BRIE\" loading=\"lazy\" title=\"Logo_Santamasa_rodo\" data-caption=\"COCA DE PERNIL IB\u00c8RIC I BRIE\" data-src=\"http:\/\/www.santamasarestaurant.com\/comandes_sarria\/wp-content\/uploads\/2020\/11\/Logo_Santamasa_rodo.png\" data-large_image=\"http:\/\/www.santamasarestaurant.com\/comandes_sarria\/wp-content\/uploads\/2020\/11\/Logo_Santamasa_rodo.png\" data-large_image_width=\"600\" data-large_image_height=\"600\" \/><\/a><\/div><\/td><td><a href=\"http:\/\/www.santamasarestaurant.com\/comandes_sarria\/producte\/coca-de-pernil-iberic-i-brie\/\" class=\"single-product-link\" data-product_id=\"46\">COCA DE PERNIL IB\u00c8RIC I BRIE<\/a><\/td><td><\/td><td data-sort=\"9.30\"><span class=\"woocommerce-Price-amount amount\"><bdi><span class=\"woocommerce-Price-currencySymbol\">&euro;<\/span>9,30<\/bdi><\/span> <small class=\"woocommerce-price-suffix\">IVA incl\u00f3s<\/small><\/td><td>        <div class=\"add-to-cart-wrapper\">\n                                <\/div>\n\n        <\/td><\/tr><tr id=\"product-row-435\" class=\"product-row product-435 instock taxable shipping-taxable purchasable product-type-simple\"><td><div data-thumb=\"http:\/\/www.santamasarestaurant.com\/comandes_sarria\/wp-content\/uploads\/2020\/11\/Logo_Santamasa_rodo-100x100.png\" class=\"product-thumbnail-wrapper\"><a href=\"http:\/\/www.santamasarestaurant.com\/comandes_sarria\/producte\/coca-de-verduretes\/\" class=\"single-product-link\" data-product_id=\"435\"><img width=\"70\" height=\"70\" src=\"http:\/\/www.santamasarestaurant.com\/comandes_sarria\/wp-content\/uploads\/2020\/11\/Logo_Santamasa_rodo-100x100.png\" class=\"product-thumbnail product-table-image\" alt=\"COCA DE VERDURETES (V)\" loading=\"lazy\" title=\"Logo_Santamasa_rodo\" data-caption=\"COCA DE VERDURETES (V)\" data-src=\"http:\/\/www.santamasarestaurant.com\/comandes_sarria\/wp-content\/uploads\/2020\/11\/Logo_Santamasa_rodo.png\" data-large_image=\"http:\/\/www.santamasarestaurant.com\/comandes_sarria\/wp-content\/uploads\/2020\/11\/Logo_Santamasa_rodo.png\" data-large_image_width=\"600\" data-large_image_height=\"600\" \/><\/a><\/div><\/td><td><a href=\"http:\/\/www.santamasarestaurant.com\/comandes_sarria\/producte\/coca-de-verduretes\/\" class=\"single-product-link\" data-product_id=\"435\">COCA DE VERDURETES (V)<\/a><\/td><td><p>carbass\u00f3, esp\u00e0rrec, ceba, pebrot, tom\u00e0quets, cherry, romesco<\/p>\n<\/td><td data-sort=\"8.20\"><span class=\"woocommerce-Price-amount amount\"><bdi><span class=\"woocommerce-Price-currencySymbol\">&euro;<\/span>8,20<\/bdi><\/span> <small class=\"woocommerce-price-suffix\">IVA incl\u00f3s<\/small><\/td><td>        <div class=\"add-to-cart-wrapper\">\n                                <\/div>\n\n        <\/td><\/tr><tr id=\"product-row-436\" class=\"product-row product-436 instock taxable shipping-taxable purchasable product-type-simple\"><td><div data-thumb=\"http:\/\/www.santamasarestaurant.com\/comandes_sarria\/wp-content\/uploads\/2020\/11\/Logo_Santamasa_rodo-100x100.png\" class=\"product-thumbnail-wrapper\"><a href=\"http:\/\/www.santamasarestaurant.com\/comandes_sarria\/producte\/coca-de-alberginia\/\" class=\"single-product-link\" data-product_id=\"436\"><img width=\"70\" height=\"70\" src=\"http:\/\/www.santamasarestaurant.com\/comandes_sarria\/wp-content\/uploads\/2020\/11\/Logo_Santamasa_rodo-100x100.png\" class=\"product-thumbnail product-table-image\" alt=\"COCA DE ALBERG\u00cdNIA\" loading=\"lazy\" title=\"Logo_Santamasa_rodo\" data-caption=\"COCA DE ALBERG\u00cdNIA\" data-src=\"http:\/\/www.santamasarestaurant.com\/comandes_sarria\/wp-content\/uploads\/2020\/11\/Logo_Santamasa_rodo.png\" data-large_image=\"http:\/\/www.santamasarestaurant.com\/comandes_sarria\/wp-content\/uploads\/2020\/11\/Logo_Santamasa_rodo.png\" data-large_image_width=\"600\" data-large_image_height=\"600\" \/><\/a><\/div><\/td><td><a href=\"http:\/\/www.santamasarestaurant.com\/comandes_sarria\/producte\/coca-de-alberginia\/\" class=\"single-product-link\" data-product_id=\"436\">COCA DE ALBERG\u00cdNIA<\/a><\/td><td><p>sobrassada, parmes\u00e0, picada d&#8217;avellana<\/p>\n<\/td><td data-sort=\"7.90\"><span class=\"woocommerce-Price-amount amount\"><bdi><span class=\"woocommerce-Price-currencySymbol\">&euro;<\/span>7,90<\/bdi><\/span> <small class=\"woocommerce-price-suffix\">IVA incl\u00f3s<\/small><\/td><td>        <div class=\"add-to-cart-wrapper\">\n                                <\/div>\n\n        <\/td><\/tr><tr id=\"product-row-49\" class=\"product-row product-49 instock taxable shipping-taxable purchasable product-type-simple\"><td><div data-thumb=\"http:\/\/www.santamasarestaurant.com\/comandes_sarria\/wp-content\/uploads\/2020\/11\/Logo_Santamasa_rodo-100x100.png\" class=\"product-thumbnail-wrapper\"><a href=\"http:\/\/www.santamasarestaurant.com\/comandes_sarria\/producte\/coca-formatges\/\" class=\"single-product-link\" data-product_id=\"49\"><img width=\"70\" height=\"70\" src=\"http:\/\/www.santamasarestaurant.com\/comandes_sarria\/wp-content\/uploads\/2020\/11\/Logo_Santamasa_rodo-100x100.png\" class=\"product-thumbnail product-table-image\" alt=\"COCA FORMATGES (V)\" loading=\"lazy\" title=\"Logo_Santamasa_rodo\" data-caption=\"COCA FORMATGES (V)\" data-src=\"http:\/\/www.santamasarestaurant.com\/comandes_sarria\/wp-content\/uploads\/2020\/11\/Logo_Santamasa_rodo.png\" data-large_image=\"http:\/\/www.santamasarestaurant.com\/comandes_sarria\/wp-content\/uploads\/2020\/11\/Logo_Santamasa_rodo.png\" data-large_image_width=\"600\" data-large_image_height=\"600\" \/><\/a><\/div><\/td><td><a href=\"http:\/\/www.santamasarestaurant.com\/comandes_sarria\/producte\/coca-formatges\/\" class=\"single-product-link\" data-product_id=\"49\">COCA FORMATGES (V)<\/a><\/td><td><p>mozzarella, gorgonzola, cabra, brie<\/p>\n<\/td><td data-sort=\"7.60\"><span class=\"woocommerce-Price-amount amount\"><bdi><span class=\"woocommerce-Price-currencySymbol\">&euro;<\/span>7,60<\/bdi><\/span> <small class=\"woocommerce-price-suffix\">IVA incl\u00f3s<\/small><\/td><td>        <div class=\"add-to-cart-wrapper\">\n                                <\/div>\n\n        <\/td><\/tr><tr id=\"product-row-402\" class=\"product-row product-402 instock taxable shipping-taxable purchasable product-type-simple\"><td><div data-thumb=\"http:\/\/www.santamasarestaurant.com\/comandes_sarria\/wp-content\/uploads\/2020\/11\/Logo_Santamasa_rodo-100x100.png\" class=\"product-thumbnail-wrapper\"><a href=\"http:\/\/www.santamasarestaurant.com\/comandes_sarria\/producte\/coca-botifarra-i-bolets\/\" class=\"single-product-link\" data-product_id=\"402\"><img width=\"70\" height=\"70\" src=\"http:\/\/www.santamasarestaurant.com\/comandes_sarria\/wp-content\/uploads\/2020\/11\/Logo_Santamasa_rodo-100x100.png\" class=\"product-thumbnail product-table-image\" alt=\"COCA BOTIFARRA I BOLETS\" loading=\"lazy\" title=\"Logo_Santamasa_rodo\" data-caption=\"COCA BOTIFARRA I BOLETS\" data-src=\"http:\/\/www.santamasarestaurant.com\/comandes_sarria\/wp-content\/uploads\/2020\/11\/Logo_Santamasa_rodo.png\" data-large_image=\"http:\/\/www.santamasarestaurant.com\/comandes_sarria\/wp-content\/uploads\/2020\/11\/Logo_Santamasa_rodo.png\" data-large_image_width=\"600\" data-large_image_height=\"600\" \/><\/a><\/div><\/td><td><a href=\"http:\/\/www.santamasarestaurant.com\/comandes_sarria\/producte\/coca-botifarra-i-bolets\/\" class=\"single-product-link\" data-product_id=\"402\">COCA BOTIFARRA I BOLETS<\/a><\/td><td><p>formatge cabra, ceba caramel\u00b7litzada<\/p>\n<\/td><td data-sort=\"8.70\"><span class=\"woocommerce-Price-amount amount\"><bdi><span class=\"woocommerce-Price-currencySymbol\">&euro;<\/span>8,70<\/bdi><\/span> <small class=\"woocommerce-price-suffix\">IVA incl\u00f3s<\/small><\/td><td>        <div class=\"add-to-cart-wrapper\">\n                                <\/div>\n\n        <\/td><\/tr><tr id=\"product-row-438\" class=\"product-row product-438 instock taxable shipping-taxable purchasable product-type-simple\"><td><div data-thumb=\"http:\/\/www.santamasarestaurant.com\/comandes_sarria\/wp-content\/uploads\/2020\/11\/Logo_Santamasa_rodo-100x100.png\" class=\"product-thumbnail-wrapper\"><a href=\"http:\/\/www.santamasarestaurant.com\/comandes_sarria\/producte\/coca-barbacoa\/\" class=\"single-product-link\" data-product_id=\"438\"><img width=\"70\" height=\"70\" src=\"http:\/\/www.santamasarestaurant.com\/comandes_sarria\/wp-content\/uploads\/2020\/11\/Logo_Santamasa_rodo-100x100.png\" class=\"product-thumbnail product-table-image\" alt=\"COCA BARBACOA\" loading=\"lazy\" title=\"Logo_Santamasa_rodo\" data-caption=\"COCA BARBACOA\" data-src=\"http:\/\/www.santamasarestaurant.com\/comandes_sarria\/wp-content\/uploads\/2020\/11\/Logo_Santamasa_rodo.png\" data-large_image=\"http:\/\/www.santamasarestaurant.com\/comandes_sarria\/wp-content\/uploads\/2020\/11\/Logo_Santamasa_rodo.png\" data-large_image_width=\"600\" data-large_image_height=\"600\" \/><\/a><\/div><\/td><td><a href=\"http:\/\/www.santamasarestaurant.com\/comandes_sarria\/producte\/coca-barbacoa\/\" class=\"single-product-link\" data-product_id=\"438\">COCA BARBACOA<\/a><\/td><td><p>carns, bacon, salsa bbq, parmes\u00e0<\/p>\n<\/td><td data-sort=\"8.20\"><span class=\"woocommerce-Price-amount amount\"><bdi><span class=\"woocommerce-Price-currencySymbol\">&euro;<\/span>8,20<\/bdi><\/span> <small class=\"woocommerce-price-suffix\">IVA incl\u00f3s<\/small><\/td><td>        <div class=\"add-to-cart-wrapper\">\n                                <\/div>\n\n        <\/td><\/tr><tr id=\"product-row-403\" class=\"product-row product-403 instock taxable shipping-taxable purchasable product-type-simple\"><td><div data-thumb=\"http:\/\/www.santamasarestaurant.com\/comandes_sarria\/wp-content\/uploads\/2020\/11\/Logo_Santamasa_rodo-100x100.png\" class=\"product-thumbnail-wrapper\"><a href=\"http:\/\/www.santamasarestaurant.com\/comandes_sarria\/producte\/coca-salmo-marinat\/\" class=\"single-product-link\" data-product_id=\"403\"><img width=\"70\" height=\"70\" src=\"http:\/\/www.santamasarestaurant.com\/comandes_sarria\/wp-content\/uploads\/2020\/11\/Logo_Santamasa_rodo-100x100.png\" class=\"product-thumbnail product-table-image\" alt=\"COCA SALM\u00d3 MARINAT\" loading=\"lazy\" title=\"Logo_Santamasa_rodo\" data-caption=\"COCA SALM\u00d3 MARINAT\" data-src=\"http:\/\/www.santamasarestaurant.com\/comandes_sarria\/wp-content\/uploads\/2020\/11\/Logo_Santamasa_rodo.png\" data-large_image=\"http:\/\/www.santamasarestaurant.com\/comandes_sarria\/wp-content\/uploads\/2020\/11\/Logo_Santamasa_rodo.png\" data-large_image_width=\"600\" data-large_image_height=\"600\" \/><\/a><\/div><\/td><td><a href=\"http:\/\/www.santamasarestaurant.com\/comandes_sarria\/producte\/coca-salmo-marinat\/\" class=\"single-product-link\" data-product_id=\"403\">COCA SALM\u00d3 MARINAT<\/a><\/td><td><p>salsa t\u00e0rtara, t\u00e0peres<\/p>\n<\/td><td data-sort=\"9.40\"><span class=\"woocommerce-Price-amount amount\"><bdi><span class=\"woocommerce-Price-currencySymbol\">&euro;<\/span>9,40<\/bdi><\/span> <small class=\"woocommerce-price-suffix\">IVA incl\u00f3s<\/small><\/td><td>        <div class=\"add-to-cart-wrapper\">\n                                <\/div>\n\n        <\/td><\/tr><tr id=\"product-row-439\" class=\"product-row product-439 instock taxable shipping-taxable purchasable product-type-simple\"><td><div data-thumb=\"http:\/\/www.santamasarestaurant.com\/comandes_sarria\/wp-content\/uploads\/2020\/11\/Logo_Santamasa_rodo-100x100.png\" class=\"product-thumbnail-wrapper\"><a href=\"http:\/\/www.santamasarestaurant.com\/comandes_sarria\/producte\/coca-tartufata-v\/\" class=\"single-product-link\" data-product_id=\"439\"><img width=\"70\" height=\"70\" src=\"http:\/\/www.santamasarestaurant.com\/comandes_sarria\/wp-content\/uploads\/2020\/11\/Logo_Santamasa_rodo-100x100.png\" class=\"product-thumbnail product-table-image\" alt=\"COCA TARTUFATA (V)\" loading=\"lazy\" title=\"Logo_Santamasa_rodo\" data-caption=\"COCA TARTUFATA (V)\" data-src=\"http:\/\/www.santamasarestaurant.com\/comandes_sarria\/wp-content\/uploads\/2020\/11\/Logo_Santamasa_rodo.png\" data-large_image=\"http:\/\/www.santamasarestaurant.com\/comandes_sarria\/wp-content\/uploads\/2020\/11\/Logo_Santamasa_rodo.png\" data-large_image_width=\"600\" data-large_image_height=\"600\" \/><\/a><\/div><\/td><td><a href=\"http:\/\/www.santamasarestaurant.com\/comandes_sarria\/producte\/coca-tartufata-v\/\" class=\"single-product-link\" data-product_id=\"439\">COCA TARTUFATA (V)<\/a><\/td><td><p>xampinyons, emmental, gruy\u00e8re<\/p>\n<\/td><td data-sort=\"7.90\"><span class=\"woocommerce-Price-amount amount\"><bdi><span class=\"woocommerce-Price-currencySymbol\">&euro;<\/span>7,90<\/bdi><\/span> <small class=\"woocommerce-price-suffix\">IVA incl\u00f3s<\/small><\/td><td>        <div class=\"add-to-cart-wrapper\">\n                                <\/div>\n\n        <\/td><\/tr><tr id=\"product-row-441\" class=\"product-row product-441 instock taxable shipping-taxable purchasable product-type-simple\"><td><div data-thumb=\"http:\/\/www.santamasarestaurant.com\/comandes_sarria\/wp-content\/uploads\/2020\/11\/Logo_Santamasa_rodo-100x100.png\" class=\"product-thumbnail-wrapper\"><a href=\"http:\/\/www.santamasarestaurant.com\/comandes_sarria\/producte\/coca-foie-fresc\/\" class=\"single-product-link\" data-product_id=\"441\"><img width=\"70\" height=\"70\" src=\"http:\/\/www.santamasarestaurant.com\/comandes_sarria\/wp-content\/uploads\/2020\/11\/Logo_Santamasa_rodo-100x100.png\" class=\"product-thumbnail product-table-image\" alt=\"COCA FOIE FRESC\" loading=\"lazy\" title=\"Logo_Santamasa_rodo\" data-caption=\"COCA FOIE FRESC\" data-src=\"http:\/\/www.santamasarestaurant.com\/comandes_sarria\/wp-content\/uploads\/2020\/11\/Logo_Santamasa_rodo.png\" data-large_image=\"http:\/\/www.santamasarestaurant.com\/comandes_sarria\/wp-content\/uploads\/2020\/11\/Logo_Santamasa_rodo.png\" data-large_image_width=\"600\" data-large_image_height=\"600\" \/><\/a><\/div><\/td><td><a href=\"http:\/\/www.santamasarestaurant.com\/comandes_sarria\/producte\/coca-foie-fresc\/\" class=\"single-product-link\" data-product_id=\"441\">COCA FOIE FRESC<\/a><\/td><td><p>crema de foie, pernil ib\u00e8ric<\/p>\n<\/td><td data-sort=\"9.50\"><span class=\"woocommerce-Price-amount amount\"><bdi><span class=\"woocommerce-Price-currencySymbol\">&euro;<\/span>9,50<\/bdi><\/span> <small class=\"woocommerce-price-suffix\">IVA incl\u00f3s<\/small><\/td><td>        <div class=\"add-to-cart-wrapper\">\n                                <\/div>\n\n        <\/td><\/tr><\/tbody><\/table>\n","protected":false},"excerpt":{"rendered":"","protected":false},"author":1,"featured_media":0,"parent":0,"menu_order":0,"comment_status":"closed","ping_status":"closed","template":"","meta":{"_et_pb_use_builder":"off","_et_pb_old_content":"","_et_gb_content_width":""},"_links":{"self":[{"href":"http:\/\/www.santamasarestaurant.com\/comandes_sarria\/wp-json\/wp\/v2\/pages\/192"}],"collection":[{"href":"http:\/\/www.santamasarestaurant.com\/comandes_sarria\/wp-json\/wp\/v2\/pages"}],"about":[{"href":"http:\/\/www.santamasarestaurant.com\/comandes_sarria\/wp-json\/wp\/v2\/types\/page"}],"author":[{"embeddable":true,"href":"http:\/\/www.santamasarestaurant.com\/comandes_sarria\/wp-json\/wp\/v2\/users\/1"}],"replies":[{"embeddable":true,"href":"http:\/\/www.santamasarestaurant.com\/comandes_sarria\/wp-json\/wp\/v2\/comments?post=192"}],"version-history":[{"count":1,"href":"http:\/\/www.santamasarestaurant.com\/comandes_sarria\/wp-json\/wp\/v2\/pages\/192\/revisions"}],"predecessor-version":[{"id":193,"href":"http:\/\/www.santamasarestaurant.com\/comandes_sarria\/wp-json\/wp\/v2\/pages\/192\/revisions\/193"}],"wp:attachment":[{"href":"http:\/\/www.santamasarestaurant.com\/comandes_sarria\/wp-json\/wp\/v2\/media?parent=192"}],"curies":[{"name":"wp","href":"https:\/\/api.w.org\/{rel}","templated":true}]}}